{"id":122,"date":"2017-09-26T07:50:18","date_gmt":"2017-09-26T07:50:18","guid":{"rendered":"http:\/\/ups-fesb.hr\/?page_id=122"},"modified":"2025-03-18T22:09:43","modified_gmt":"2025-03-18T22:09:43","slug":"projekti","status":"publish","type":"page","link":"https:\/\/ups-fesb.hr\/en\/projekti\/","title":{"rendered":"Projects"},"content":{"rendered":"<div data-elementor-type=\"wp-post\" data-elementor-id=\"122\" class=\"elementor elementor-122\">\n\t\t\t\t\t\t<section class=\"elementor-section elementor-top-section elementor-element elementor-element-0pwp9m9 elementor-section-boxed elementor-section-height-default elementor-section-height-default\" data-id=\"0pwp9m9\" data-element_type=\"section\">\n\t\t\t\t\t\t<div class=\"elementor-container elementor-column-gap-default\">\n\t\t\t\t\t<div class=\"elementor-column elementor-col-50 elementor-top-column elementor-element elementor-element-ozpnqvz\" data-id=\"ozpnqvz\" data-element_type=\"column\">\n\t\t\t<div class=\"elementor-widget-wrap\">\n\t\t\t\t\t\t\t<\/div>\n\t\t<\/div>\n\t\t\t\t<div class=\"elementor-column elementor-col-50 elementor-top-column elementor-element elementor-element-3z92894\" data-id=\"3z92894\" data-element_type=\"column\">\n\t\t\t<div class=\"elementor-widget-wrap\">\n\t\t\t\t\t\t\t<\/div>\n\t\t<\/div>\n\t\t\t\t\t<\/div>\n\t\t<\/section>\n\t\t\t\t<section class=\"elementor-section elementor-top-section elementor-element elementor-element-u9id4xd elementor-section-boxed elementor-section-height-default elementor-section-height-default\" data-id=\"u9id4xd\" data-element_type=\"section\">\n\t\t\t\t\t\t<div class=\"elementor-container elementor-column-gap-default\">\n\t\t\t\t\t<div class=\"elementor-column elementor-col-50 elementor-top-column elementor-element elementor-element-wjw00b7\" data-id=\"wjw00b7\" data-element_type=\"column\">\n\t\t\t<div class=\"elementor-widget-wrap elementor-element-populated\">\n\t\t\t\t\t\t<div class=\"elementor-element elementor-element-rogmcfv elementor-widget elementor-widget-image\" data-id=\"rogmcfv\" data-element_type=\"widget\" data-widget_type=\"image.default\">\n\t\t\t\t<div class=\"elementor-widget-container\">\n\t\t\t\t\t\t\t\t\t\t\t\t\t\t\t\t<a href=\"https:\/\/ups-fesb.hr\/en\/formula-student\/\">\n\t\t\t\t\t\t\t<img fetchpriority=\"high\" decoding=\"async\" width=\"1024\" height=\"556\" src=\"https:\/\/ups-fesb.hr\/wp-content\/uploads\/2017\/09\/formula-black-1-1024x556.png\" class=\"elementor-animation-grow attachment-large size-large wp-image-360\" alt=\"\" srcset=\"https:\/\/ups-fesb.hr\/wp-content\/uploads\/2017\/09\/formula-black-1-1024x556.png 1024w, https:\/\/ups-fesb.hr\/wp-content\/uploads\/2017\/09\/formula-black-1-300x163.png 300w, https:\/\/ups-fesb.hr\/wp-content\/uploads\/2017\/09\/formula-black-1-768x417.png 768w, https:\/\/ups-fesb.hr\/wp-content\/uploads\/2017\/09\/formula-black-1.png 1462w\" sizes=\"(max-width: 1024px) 100vw, 1024px\" \/>\t\t\t\t\t\t\t\t<\/a>\n\t\t\t\t\t\t\t\t\t\t\t\t\t\t\t<\/div>\n\t\t\t\t<\/div>\n\t\t\t\t<div class=\"elementor-element elementor-element-ygtoxe4 elementor-widget elementor-widget-text-editor\" data-id=\"ygtoxe4\" data-element_type=\"widget\" data-widget_type=\"text-editor.default\">\n\t\t\t\t<div class=\"elementor-widget-container\">\n\t\t\t\t\t\t\t\t\t<h4><a href=\"http:\/\/ups-fesb.hr\/en\/projekti\/formula-student\/\"><strong>FORMULA STUDENT<\/strong><\/a><\/h4><p>Formula Student (FS) is the most prestigious worldwide educational motor racing competition supported by numerous high-profile companies from the industry, whose aim is to develop enterprising and innovative young engineers, as well as to encourage young people to enter engineering world.<\/p><p>The competition format provides an ideal opportunity for students to test, demonstrate and improve their ability to create a complex product in an extremely demanding environment of the motorsport competition. Numerous world-renowned automotive companies are conditioning participation in FS competition for recruiting young engineers.<\/p><p>Since its foundation in 2010, FESB Racing has been continuously developing new solutions and concepts for the FS competition.<\/p>\t\t\t\t\t\t\t\t<\/div>\n\t\t\t\t<\/div>\n\t\t\t\t\t<\/div>\n\t\t<\/div>\n\t\t\t\t<div class=\"elementor-column elementor-col-50 elementor-top-column elementor-element elementor-element-naoqhsj\" data-id=\"naoqhsj\" data-element_type=\"column\">\n\t\t\t<div class=\"elementor-widget-wrap elementor-element-populated\">\n\t\t\t\t\t\t<div class=\"elementor-element elementor-element-eazz9og elementor-widget elementor-widget-image\" data-id=\"eazz9og\" data-element_type=\"widget\" data-widget_type=\"image.default\">\n\t\t\t\t<div class=\"elementor-widget-container\">\n\t\t\t\t\t\t\t\t\t\t\t\t\t\t\t\t<a href=\"https:\/\/ups-fesb.hr\/en\/projekti\/motostudent-2\/\">\n\t\t\t\t\t\t\t<img decoding=\"async\" width=\"1024\" height=\"556\" data-src=\"https:\/\/ups-fesb.hr\/wp-content\/uploads\/2017\/09\/FRT-moto-black-1-1-1024x556.png\" class=\"elementor-animation-grow attachment-large size-large wp-image-363 lazyload\" alt=\"\" data-srcset=\"https:\/\/ups-fesb.hr\/wp-content\/uploads\/2017\/09\/FRT-moto-black-1-1-1024x556.png 1024w, https:\/\/ups-fesb.hr\/wp-content\/uploads\/2017\/09\/FRT-moto-black-1-1-300x163.png 300w, https:\/\/ups-fesb.hr\/wp-content\/uploads\/2017\/09\/FRT-moto-black-1-1-768x417.png 768w, https:\/\/ups-fesb.hr\/wp-content\/uploads\/2017\/09\/FRT-moto-black-1-1.png 1462w\" data-sizes=\"(max-width: 1024px) 100vw, 1024px\" src=\"data:image\/svg+xml;base64,PHN2ZyB3aWR0aD0iMSIgaGVpZ2h0PSIxIiB4bWxucz0iaHR0cDovL3d3dy53My5vcmcvMjAwMC9zdmciPjwvc3ZnPg==\" style=\"--smush-placeholder-width: 1024px; --smush-placeholder-aspect-ratio: 1024\/556;\" \/>\t\t\t\t\t\t\t\t<\/a>\n\t\t\t\t\t\t\t\t\t\t\t\t\t\t\t<\/div>\n\t\t\t\t<\/div>\n\t\t\t\t<div class=\"elementor-element elementor-element-qng8gyh elementor-widget elementor-widget-text-editor\" data-id=\"qng8gyh\" data-element_type=\"widget\" data-widget_type=\"text-editor.default\">\n\t\t\t\t<div class=\"elementor-widget-container\">\n\t\t\t\t\t\t\t\t\t<h4><a href=\"http:\/\/ups-fesb.hr\/en\/projekti\/motostudent\/\">MOTOSTUDENT<\/a><\/h4><p>The MotoStudent (MS) competition was established as a model of Formula Student with a greater emphasis on motorsport. It is supported by Moto Engineering Foundation (MEF) and TechnoPark MotorLanda. The competition is held every two years at MotoGP \"Motorland Arag\u00f3n FIM\" in Spain, while the concepts of motorcycles are very similar to those in the Moto3 category of professional competitions.<\/p><p>This competition is a challenge for students to use engineering principles and gained knowledge to demonstrate their skills in designing, developing and testing the motorcycle, which is reflected in the final racing on the track. The MS distinguishes itself from the FS primarily because it offers, in addition to other static and dynamic disciplines, a classic motorsport race - the exercise, the qualification and the main race of all participants.<\/p><p>Since 2015, FESB Racing has actively participated in MS competitions and after its first appearance with the motorcycle \"FRTm01\" in 2016, it continues to develop new projects.<\/p>\t\t\t\t\t\t\t\t<\/div>\n\t\t\t\t<\/div>\n\t\t\t\t\t<\/div>\n\t\t<\/div>\n\t\t\t\t\t<\/div>\n\t\t<\/section>\n\t\t\t\t<\/div>","protected":false},"excerpt":{"rendered":"<p>FORMULA STUDENT Formula Student (FS) je najpresti\u017enije europsko obrazovno motorsport natjecanje, podr\u017eano od strane brojnih visokoprofilnih tvrtki iz industrije, \u010diji je cilj razviti poduzetne i inovativne mlade in\u017eenjere, kao i potaknuti nove mlade ljude na ulazak u in\u017eenjerske vode. Format natjecanja pru\u017ea idealnu priliku studentima da testiraju, demonstriraju i pobolj\u0161aju svoje sposobnosti pri stvaranju kompleksnog [&hellip;]<\/p>","protected":false},"author":2,"featured_media":0,"parent":0,"menu_order":0,"comment_status":"closed","ping_status":"closed","template":"","meta":{"_exactmetrics_skip_tracking":false,"_exactmetrics_sitenote_active":false,"_exactmetrics_sitenote_note":"","_exactmetrics_sitenote_category":0,"ocean_post_layout":"","ocean_both_sidebars_style":"","ocean_both_sidebars_content_width":0,"ocean_both_sidebars_sidebars_width":0,"ocean_sidebar":"0","ocean_second_sidebar":"","ocean_disable_margins":"enable","ocean_add_body_class":"","ocean_shortcode_before_top_bar":"","ocean_shortcode_after_top_bar":"","ocean_shortcode_before_header":"","ocean_shortcode_after_header":"","ocean_has_shortcode":"","ocean_shortcode_after_title":"","ocean_shortcode_before_footer_widgets":"","ocean_shortcode_after_footer_widgets":"","ocean_shortcode_before_footer_bottom":"","ocean_shortcode_after_footer_bottom":"","ocean_display_top_bar":"default","ocean_display_header":"default","ocean_header_style":"","ocean_center_header_left_menu":"","ocean_custom_header_template":"","ocean_custom_logo":0,"ocean_custom_retina_logo":0,"ocean_custom_logo_max_width":0,"ocean_custom_logo_tablet_max_width":0,"ocean_custom_logo_mobile_max_width":0,"ocean_custom_logo_max_height":0,"ocean_custom_logo_tablet_max_height":0,"ocean_custom_logo_mobile_max_height":0,"ocean_header_custom_menu":"0","ocean_menu_typo_font_family":"","ocean_menu_typo_font_subset":"","ocean_menu_typo_font_size":0,"ocean_menu_typo_font_size_tablet":0,"ocean_menu_typo_font_size_mobile":0,"ocean_menu_typo_font_size_unit":"px","ocean_menu_typo_font_weight":"","ocean_menu_typo_font_weight_tablet":"","ocean_menu_typo_font_weight_mobile":"","ocean_menu_typo_transform":"","ocean_menu_typo_transform_tablet":"","ocean_menu_typo_transform_mobile":"","ocean_menu_typo_line_height":0,"ocean_menu_typo_line_height_tablet":0,"ocean_menu_typo_line_height_mobile":0,"ocean_menu_typo_line_height_unit":"","ocean_menu_typo_spacing":0,"ocean_menu_typo_spacing_tablet":0,"ocean_menu_typo_spacing_mobile":0,"ocean_menu_typo_spacing_unit":"","ocean_menu_link_color":"","ocean_menu_link_color_hover":"","ocean_menu_link_color_active":"","ocean_menu_link_background":"","ocean_menu_link_hover_background":"","ocean_menu_link_active_background":"","ocean_menu_social_links_bg":"","ocean_menu_social_hover_links_bg":"","ocean_menu_social_links_color":"","ocean_menu_social_hover_links_color":"","ocean_disable_title":"default","ocean_disable_heading":"default","ocean_post_title":"","ocean_post_subheading":"","ocean_post_title_style":"","ocean_post_title_background_color":"","ocean_post_title_background":0,"ocean_post_title_bg_image_position":"","ocean_post_title_bg_image_attachment":"","ocean_post_title_bg_image_repeat":"","ocean_post_title_bg_image_size":"","ocean_post_title_height":400,"ocean_post_title_bg_overlay":0.5,"ocean_post_title_bg_overlay_color":"","ocean_disable_breadcrumbs":"default","ocean_breadcrumbs_color":"","ocean_breadcrumbs_separator_color":"","ocean_breadcrumbs_links_color":"","ocean_breadcrumbs_links_hover_color":"","ocean_display_footer_widgets":"default","ocean_display_footer_bottom":"default","ocean_custom_footer_template":"","_mc_calendar":[],"footnotes":""},"class_list":["post-122","page","type-page","status-publish","hentry","entry"],"_links":{"self":[{"href":"https:\/\/ups-fesb.hr\/en\/wp-json\/wp\/v2\/pages\/122"}],"collection":[{"href":"https:\/\/ups-fesb.hr\/en\/wp-json\/wp\/v2\/pages"}],"about":[{"href":"https:\/\/ups-fesb.hr\/en\/wp-json\/wp\/v2\/types\/page"}],"author":[{"embeddable":true,"href":"https:\/\/ups-fesb.hr\/en\/wp-json\/wp\/v2\/users\/2"}],"replies":[{"embeddable":true,"href":"https:\/\/ups-fesb.hr\/en\/wp-json\/wp\/v2\/comments?post=122"}],"version-history":[{"count":35,"href":"https:\/\/ups-fesb.hr\/en\/wp-json\/wp\/v2\/pages\/122\/revisions"}],"predecessor-version":[{"id":3652,"href":"https:\/\/ups-fesb.hr\/en\/wp-json\/wp\/v2\/pages\/122\/revisions\/3652"}],"wp:attachment":[{"href":"https:\/\/ups-fesb.hr\/en\/wp-json\/wp\/v2\/media?parent=122"}],"curies":[{"name":"wp","href":"https:\/\/api.w.org\/{rel}","templated":true}]}}