{"id":1786,"date":"2019-09-30T15:45:07","date_gmt":"2019-09-30T15:45:07","guid":{"rendered":"http:\/\/ups-fesb.hr\/?page_id=1786"},"modified":"2022-04-24T17:02:00","modified_gmt":"2022-04-24T17:02:00","slug":"dinamikavozila","status":"publish","type":"page","link":"http:\/\/ups-fesb.hr\/en\/dinamikavozila\/","title":{"rendered":"Dinamika vozila"},"content":{"rendered":"<div data-elementor-type=\"wp-page\" data-elementor-id=\"1786\" class=\"elementor elementor-1786\">\n\t\t\t\t\t\t<section class=\"elementor-section elementor-top-section elementor-element elementor-element-d12f8a9 elementor-section-boxed elementor-section-height-default elementor-section-height-default\" data-id=\"d12f8a9\" data-element_type=\"section\">\n\t\t\t\t\t\t<div class=\"elementor-container elementor-column-gap-default\">\n\t\t\t\t\t<div class=\"elementor-column elementor-col-100 elementor-top-column elementor-element elementor-element-5171f27\" data-id=\"5171f27\" data-element_type=\"column\">\n\t\t\t<div class=\"elementor-widget-wrap elementor-element-populated\">\n\t\t\t\t\t\t<div class=\"elementor-element elementor-element-8330e9b elementor-widget elementor-widget-spacer\" data-id=\"8330e9b\" data-element_type=\"widget\" data-widget_type=\"spacer.default\">\n\t\t\t\t<div class=\"elementor-widget-container\">\n\t\t\t\t\t\t\t<div class=\"elementor-spacer\">\n\t\t\t<div class=\"elementor-spacer-inner\"><\/div>\n\t\t<\/div>\n\t\t\t\t\t\t<\/div>\n\t\t\t\t<\/div>\n\t\t\t\t<div class=\"elementor-element elementor-element-c0e7b28 elementor-widget elementor-widget-image\" data-id=\"c0e7b28\" data-element_type=\"widget\" data-widget_type=\"image.default\">\n\t\t\t\t<div class=\"elementor-widget-container\">\n\t\t\t\t\t\t\t\t\t\t\t\t\t\t\t<img decoding=\"async\" data-src=\"https:\/\/ups-fesb.hr\/wp-content\/uploads\/elementor\/thumbs\/Kompoziti-oedq4nwtzoxg1eqs6oqi8imswry8rhz9e3sy2ju3tc.png\" title=\"Kompoziti\" alt=\"Kompoziti\" src=\"data:image\/svg+xml;base64,PHN2ZyB3aWR0aD0iMSIgaGVpZ2h0PSIxIiB4bWxucz0iaHR0cDovL3d3dy53My5vcmcvMjAwMC9zdmciPjwvc3ZnPg==\" class=\"lazyload\" style=\"--smush-placeholder-width: 200px; --smush-placeholder-aspect-ratio: 200\/200;\" \/>\t\t\t\t\t\t\t\t\t\t\t\t\t\t\t<\/div>\n\t\t\t\t<\/div>\n\t\t\t\t<div class=\"elementor-element elementor-element-a3cb7d8 elementor-widget elementor-widget-heading\" data-id=\"a3cb7d8\" data-element_type=\"widget\" data-widget_type=\"heading.default\">\n\t\t\t\t<div class=\"elementor-widget-container\">\n\t\t\t\t\t<h1 class=\"elementor-heading-title elementor-size-default\">VEHICLE DYNAMICS<\/h1>\t\t\t\t<\/div>\n\t\t\t\t<\/div>\n\t\t\t\t<div class=\"elementor-element elementor-element-e8ba9ba elementor-widget elementor-widget-text-editor\" data-id=\"e8ba9ba\" data-element_type=\"widget\" data-widget_type=\"text-editor.default\">\n\t\t\t\t<div class=\"elementor-widget-container\">\n\t\t\t\t\t\t\t\t\t<p>The vehicle dynamics team, as its name suggests, deals with analyzing driving, forces transmitted to other components and designing suspension parameters in order to achieve greater grip of the tire on the ground, and thus the desired behavior on the track. The main tasks are divided into three categories: control, simulation and mechanical suspension design. Control deals with finished vehicles, we look at how they behave, how to adjust the parameters to get a few hundredths more, and what they would change for future projects. By simulating, we put all ideas on paper, build a computer model of the vehicle and optimize it to get an example of behavior as similar as possible to reality. Through it we get the forces and dimensions with which, in cooperation with other sub-teams, we build a complete vehicle. We participate in this construction with the mechanical design of the suspension, steering and braking systems. From the choice of materials, bearings, screws and method of manufacture, all the way to the final assembly, testing and adjustment, we participate in every part of the design and thus ensure the desired quality.<\/p>\t\t\t\t\t\t\t\t<\/div>\n\t\t\t\t<\/div>\n\t\t\t\t<div class=\"elementor-element elementor-element-f145984 elementor-widget elementor-widget-spacer\" data-id=\"f145984\" data-element_type=\"widget\" data-widget_type=\"spacer.default\">\n\t\t\t\t<div class=\"elementor-widget-container\">\n\t\t\t\t\t\t\t<div class=\"elementor-spacer\">\n\t\t\t<div class=\"elementor-spacer-inner\"><\/div>\n\t\t<\/div>\n\t\t\t\t\t\t<\/div>\n\t\t\t\t<\/div>\n\t\t\t\t\t<\/div>\n\t\t<\/div>\n\t\t\t\t\t<\/div>\n\t\t<\/section>\n\t\t\t\t<\/div>","protected":false},"excerpt":{"rendered":"<p>DINAMIKA VOZILA Tim dinamika vozila, kako mu i samo ime govori, bavi se analiziranjem vo\u017enje, silama koje se prenose na ostale komponente te dizajniranjem parametara ovjesa s ciljem ostvarivanja \u0161to ve\u0107eg prijanjanja gume uz podlogu, a time i \u017eeljenog pona\u0161anja na stazi. Glavni zadaci dijele se u tri kategorije: kontrola, simulacija i mehani\u010dki dizajn ovjesa. [&hellip;]<\/p>","protected":false},"author":2,"featured_media":0,"parent":0,"menu_order":0,"comment_status":"closed","ping_status":"closed","template":"","meta":{"_exactmetrics_skip_tracking":false,"_exactmetrics_sitenote_active":false,"_exactmetrics_sitenote_note":"","_exactmetrics_sitenote_category":0,"ocean_post_layout":"","ocean_both_sidebars_style":"","ocean_both_sidebars_content_width":0,"ocean_both_sidebars_sidebars_width":0,"ocean_sidebar":"0","ocean_second_sidebar":"0","ocean_disable_margins":"enable","ocean_add_body_class":"","ocean_shortcode_before_top_bar":"","ocean_shortcode_after_top_bar":"","ocean_shortcode_before_header":"","ocean_shortcode_after_header":"","ocean_has_shortcode":"","ocean_shortcode_after_title":"","ocean_shortcode_before_footer_widgets":"","ocean_shortcode_after_footer_widgets":"","ocean_shortcode_before_footer_bottom":"","ocean_shortcode_after_footer_bottom":"","ocean_display_top_bar":"default","ocean_display_header":"default","ocean_header_style":"","ocean_center_header_left_menu":"0","ocean_custom_header_template":"0","ocean_custom_logo":0,"ocean_custom_retina_logo":0,"ocean_custom_logo_max_width":0,"ocean_custom_logo_tablet_max_width":0,"ocean_custom_logo_mobile_max_width":0,"ocean_custom_logo_max_height":0,"ocean_custom_logo_tablet_max_height":0,"ocean_custom_logo_mobile_max_height":0,"ocean_header_custom_menu":"0","ocean_menu_typo_font_family":"0","ocean_menu_typo_font_subset":"","ocean_menu_typo_font_size":0,"ocean_menu_typo_font_size_tablet":0,"ocean_menu_typo_font_size_mobile":0,"ocean_menu_typo_font_size_unit":"px","ocean_menu_typo_font_weight":"","ocean_menu_typo_font_weight_tablet":"","ocean_menu_typo_font_weight_mobile":"","ocean_menu_typo_transform":"","ocean_menu_typo_transform_tablet":"","ocean_menu_typo_transform_mobile":"","ocean_menu_typo_line_height":0,"ocean_menu_typo_line_height_tablet":0,"ocean_menu_typo_line_height_mobile":0,"ocean_menu_typo_line_height_unit":"","ocean_menu_typo_spacing":0,"ocean_menu_typo_spacing_tablet":0,"ocean_menu_typo_spacing_mobile":0,"ocean_menu_typo_spacing_unit":"","ocean_menu_link_color":"","ocean_menu_link_color_hover":"","ocean_menu_link_color_active":"","ocean_menu_link_background":"","ocean_menu_link_hover_background":"","ocean_menu_link_active_background":"","ocean_menu_social_links_bg":"","ocean_menu_social_hover_links_bg":"","ocean_menu_social_links_color":"","ocean_menu_social_hover_links_color":"","ocean_disable_title":"on","ocean_disable_heading":"default","ocean_post_title":"","ocean_post_subheading":"","ocean_post_title_style":"","ocean_post_title_background_color":"","ocean_post_title_background":0,"ocean_post_title_bg_image_position":"","ocean_post_title_bg_image_attachment":"","ocean_post_title_bg_image_repeat":"","ocean_post_title_bg_image_size":"","ocean_post_title_height":0,"ocean_post_title_bg_overlay":0.5,"ocean_post_title_bg_overlay_color":"","ocean_disable_breadcrumbs":"default","ocean_breadcrumbs_color":"","ocean_breadcrumbs_separator_color":"","ocean_breadcrumbs_links_color":"","ocean_breadcrumbs_links_hover_color":"","ocean_display_footer_widgets":"default","ocean_display_footer_bottom":"default","ocean_custom_footer_template":"0","_mc_calendar":[],"footnotes":""},"class_list":["post-1786","page","type-page","status-publish","hentry","entry"],"_links":{"self":[{"href":"http:\/\/ups-fesb.hr\/en\/wp-json\/wp\/v2\/pages\/1786"}],"collection":[{"href":"http:\/\/ups-fesb.hr\/en\/wp-json\/wp\/v2\/pages"}],"about":[{"href":"http:\/\/ups-fesb.hr\/en\/wp-json\/wp\/v2\/types\/page"}],"author":[{"embeddable":true,"href":"http:\/\/ups-fesb.hr\/en\/wp-json\/wp\/v2\/users\/2"}],"replies":[{"embeddable":true,"href":"http:\/\/ups-fesb.hr\/en\/wp-json\/wp\/v2\/comments?post=1786"}],"version-history":[{"count":22,"href":"http:\/\/ups-fesb.hr\/en\/wp-json\/wp\/v2\/pages\/1786\/revisions"}],"predecessor-version":[{"id":2240,"href":"http:\/\/ups-fesb.hr\/en\/wp-json\/wp\/v2\/pages\/1786\/revisions\/2240"}],"wp:attachment":[{"href":"http:\/\/ups-fesb.hr\/en\/wp-json\/wp\/v2\/media?parent=1786"}],"curies":[{"name":"wp","href":"https:\/\/api.w.org\/{rel}","templated":true}]}}