{"id":1782,"date":"2019-09-30T15:44:22","date_gmt":"2019-09-30T15:44:22","guid":{"rendered":"http:\/\/ups-fesb.hr\/?page_id=1782"},"modified":"2022-04-24T16:26:52","modified_gmt":"2022-04-24T16:26:52","slug":"elektronika","status":"publish","type":"page","link":"http:\/\/ups-fesb.hr\/en\/elektronika\/","title":{"rendered":"Elektronika"},"content":{"rendered":"<div data-elementor-type=\"wp-page\" data-elementor-id=\"1782\" class=\"elementor elementor-1782\">\n\t\t\t\t\t\t<section class=\"elementor-section elementor-top-section elementor-element elementor-element-f3d7dd3 elementor-section-boxed elementor-section-height-default elementor-section-height-default\" data-id=\"f3d7dd3\" data-element_type=\"section\">\n\t\t\t\t\t\t<div class=\"elementor-container elementor-column-gap-default\">\n\t\t\t\t\t<div class=\"elementor-column elementor-col-100 elementor-top-column elementor-element elementor-element-49ec197\" data-id=\"49ec197\" data-element_type=\"column\">\n\t\t\t<div class=\"elementor-widget-wrap elementor-element-populated\">\n\t\t\t\t\t\t<div class=\"elementor-element elementor-element-04f2fe1 elementor-widget elementor-widget-spacer\" data-id=\"04f2fe1\" data-element_type=\"widget\" data-widget_type=\"spacer.default\">\n\t\t\t\t<div class=\"elementor-widget-container\">\n\t\t\t\t\t\t\t<div class=\"elementor-spacer\">\n\t\t\t<div class=\"elementor-spacer-inner\"><\/div>\n\t\t<\/div>\n\t\t\t\t\t\t<\/div>\n\t\t\t\t<\/div>\n\t\t\t\t<div class=\"elementor-element elementor-element-90e5645 elementor-widget elementor-widget-image\" data-id=\"90e5645\" data-element_type=\"widget\" data-widget_type=\"image.default\">\n\t\t\t\t<div class=\"elementor-widget-container\">\n\t\t\t\t\t\t\t\t\t\t\t\t\t\t\t<img decoding=\"async\" data-src=\"https:\/\/ups-fesb.hr\/wp-content\/uploads\/elementor\/thumbs\/Electronics-oe5d5r8d0wmwdzv8vmodgryn3c94sjgungy1m7wr78.png\" title=\"Electronics\" alt=\"Electronics\" src=\"data:image\/svg+xml;base64,PHN2ZyB3aWR0aD0iMSIgaGVpZ2h0PSIxIiB4bWxucz0iaHR0cDovL3d3dy53My5vcmcvMjAwMC9zdmciPjwvc3ZnPg==\" class=\"lazyload\" style=\"--smush-placeholder-width: 210px; --smush-placeholder-aspect-ratio: 210\/210;\" \/>\t\t\t\t\t\t\t\t\t\t\t\t\t\t\t<\/div>\n\t\t\t\t<\/div>\n\t\t\t\t<div class=\"elementor-element elementor-element-cadb2b1 elementor-widget elementor-widget-heading\" data-id=\"cadb2b1\" data-element_type=\"widget\" data-widget_type=\"heading.default\">\n\t\t\t\t<div class=\"elementor-widget-container\">\n\t\t\t\t\t<h1 class=\"elementor-heading-title elementor-size-default\">ELECTRONICS<\/h1>\t\t\t\t<\/div>\n\t\t\t\t<\/div>\n\t\t\t\t<div class=\"elementor-element elementor-element-2085841 elementor-widget elementor-widget-text-editor\" data-id=\"2085841\" data-element_type=\"widget\" data-widget_type=\"text-editor.default\">\n\t\t\t\t<div class=\"elementor-widget-container\">\n\t\t\t\t\t\t\t\t\t<p>The electronics team is divided into sub teams software, hardware, wiring, HV systems and DAQ.<br \/>The hardware team is developing PCBs that meet demanding automotive standards. The task of the software team is to develop firmware for microcontrollers on PCBs and other software tools that help in the development and testing of cars. The HV team is developing and simulating the battery pack of an electric car. The wiring team is in charge of connecting the electrical components on the cars in a reliable way. The DAQ team collects and processes data which is then analyzed to find ways to increase car performance.<\/p><p>Hardware - prototyping, design and testing of PCBs<br \/>Embedded software - development of software for embedded systems consisting of STM32 and ATmega microcontrollers and development of GUI applications and Linux operating systems for Raspberry Pi microcomputers<br \/>Wiring - designing and building the wiring of the entire car<br \/>HV systems (High Voltage systems) - simulation and production of electric car battery pack, implementation of BMS system<br \/>DAQ (Data acuqisition) - Development of tools for collecting and visualizing data from the vehicle, adjusting ECU parameters, calibration of sensors on the car<\/p>\t\t\t\t\t\t\t\t<\/div>\n\t\t\t\t<\/div>\n\t\t\t\t<div class=\"elementor-element elementor-element-18dde47 elementor-widget elementor-widget-spacer\" data-id=\"18dde47\" data-element_type=\"widget\" data-widget_type=\"spacer.default\">\n\t\t\t\t<div class=\"elementor-widget-container\">\n\t\t\t\t\t\t\t<div class=\"elementor-spacer\">\n\t\t\t<div class=\"elementor-spacer-inner\"><\/div>\n\t\t<\/div>\n\t\t\t\t\t\t<\/div>\n\t\t\t\t<\/div>\n\t\t\t\t\t<\/div>\n\t\t<\/div>\n\t\t\t\t\t<\/div>\n\t\t<\/section>\n\t\t\t\t<\/div>","protected":false},"excerpt":{"rendered":"<p>ELEKTRONIKA Tim elektronika se dijeli na pod timove softver, hardver, o\u017ei\u010denje, HV sistemi i DAQ.Hardware tim se bavi razvojem PCB plo\u010dica koje zadovoljavaju zahtjevne automobilske standarde. Zada\u0107a softver tima je da razvija firmware za mikrokontrolere na PCB plo\u010dicama i ostale softverske alate koji poma\u017eu u razvoju i testiranju bolida. HV tim se bavi razvijanjem i [&hellip;]<\/p>","protected":false},"author":2,"featured_media":0,"parent":0,"menu_order":0,"comment_status":"closed","ping_status":"closed","template":"","meta":{"_exactmetrics_skip_tracking":false,"_exactmetrics_sitenote_active":false,"_exactmetrics_sitenote_note":"","_exactmetrics_sitenote_category":0,"ocean_post_layout":"","ocean_both_sidebars_style":"","ocean_both_sidebars_content_width":0,"ocean_both_sidebars_sidebars_width":0,"ocean_sidebar":"0","ocean_second_sidebar":"0","ocean_disable_margins":"enable","ocean_add_body_class":"","ocean_shortcode_before_top_bar":"","ocean_shortcode_after_top_bar":"","ocean_shortcode_before_header":"","ocean_shortcode_after_header":"","ocean_has_shortcode":"","ocean_shortcode_after_title":"","ocean_shortcode_before_footer_widgets":"","ocean_shortcode_after_footer_widgets":"","ocean_shortcode_before_footer_bottom":"","ocean_shortcode_after_footer_bottom":"","ocean_display_top_bar":"default","ocean_display_header":"default","ocean_header_style":"","ocean_center_header_left_menu":"0","ocean_custom_header_template":"0","ocean_custom_logo":0,"ocean_custom_retina_logo":0,"ocean_custom_logo_max_width":0,"ocean_custom_logo_tablet_max_width":0,"ocean_custom_logo_mobile_max_width":0,"ocean_custom_logo_max_height":0,"ocean_custom_logo_tablet_max_height":0,"ocean_custom_logo_mobile_max_height":0,"ocean_header_custom_menu":"0","ocean_menu_typo_font_family":"0","ocean_menu_typo_font_subset":"","ocean_menu_typo_font_size":0,"ocean_menu_typo_font_size_tablet":0,"ocean_menu_typo_font_size_mobile":0,"ocean_menu_typo_font_size_unit":"px","ocean_menu_typo_font_weight":"","ocean_menu_typo_font_weight_tablet":"","ocean_menu_typo_font_weight_mobile":"","ocean_menu_typo_transform":"","ocean_menu_typo_transform_tablet":"","ocean_menu_typo_transform_mobile":"","ocean_menu_typo_line_height":0,"ocean_menu_typo_line_height_tablet":0,"ocean_menu_typo_line_height_mobile":0,"ocean_menu_typo_line_height_unit":"","ocean_menu_typo_spacing":0,"ocean_menu_typo_spacing_tablet":0,"ocean_menu_typo_spacing_mobile":0,"ocean_menu_typo_spacing_unit":"","ocean_menu_link_color":"","ocean_menu_link_color_hover":"","ocean_menu_link_color_active":"","ocean_menu_link_background":"","ocean_menu_link_hover_background":"","ocean_menu_link_active_background":"","ocean_menu_social_links_bg":"","ocean_menu_social_hover_links_bg":"","ocean_menu_social_links_color":"","ocean_menu_social_hover_links_color":"","ocean_disable_title":"on","ocean_disable_heading":"default","ocean_post_title":"","ocean_post_subheading":"","ocean_post_title_style":"","ocean_post_title_background_color":"","ocean_post_title_background":0,"ocean_post_title_bg_image_position":"","ocean_post_title_bg_image_attachment":"","ocean_post_title_bg_image_repeat":"","ocean_post_title_bg_image_size":"","ocean_post_title_height":0,"ocean_post_title_bg_overlay":0.5,"ocean_post_title_bg_overlay_color":"","ocean_disable_breadcrumbs":"default","ocean_breadcrumbs_color":"","ocean_breadcrumbs_separator_color":"","ocean_breadcrumbs_links_color":"","ocean_breadcrumbs_links_hover_color":"","ocean_display_footer_widgets":"default","ocean_display_footer_bottom":"default","ocean_custom_footer_template":"0","_mc_calendar":[],"footnotes":""},"class_list":["post-1782","page","type-page","status-publish","hentry","entry"],"_links":{"self":[{"href":"http:\/\/ups-fesb.hr\/en\/wp-json\/wp\/v2\/pages\/1782"}],"collection":[{"href":"http:\/\/ups-fesb.hr\/en\/wp-json\/wp\/v2\/pages"}],"about":[{"href":"http:\/\/ups-fesb.hr\/en\/wp-json\/wp\/v2\/types\/page"}],"author":[{"embeddable":true,"href":"http:\/\/ups-fesb.hr\/en\/wp-json\/wp\/v2\/users\/2"}],"replies":[{"embeddable":true,"href":"http:\/\/ups-fesb.hr\/en\/wp-json\/wp\/v2\/comments?post=1782"}],"version-history":[{"count":18,"href":"http:\/\/ups-fesb.hr\/en\/wp-json\/wp\/v2\/pages\/1782\/revisions"}],"predecessor-version":[{"id":2625,"href":"http:\/\/ups-fesb.hr\/en\/wp-json\/wp\/v2\/pages\/1782\/revisions\/2625"}],"wp:attachment":[{"href":"http:\/\/ups-fesb.hr\/en\/wp-json\/wp\/v2\/media?parent=1782"}],"curies":[{"name":"wp","href":"https:\/\/api.w.org\/{rel}","templated":true}]}}